{"id":6,"date":"2022-12-03T14:58:10","date_gmt":"2022-12-03T14:58:10","guid":{"rendered":"https:\/\/escuela.lenguacastellanausco.edu.co\/?page_id=6"},"modified":"2022-12-08T17:38:48","modified_gmt":"2022-12-08T17:38:48","slug":"inicio","status":"publish","type":"page","link":"https:\/\/escuela.lenguacastellanausco.edu.co\/","title":{"rendered":"Ser escuela"},"content":{"rendered":"\n<div class=\"is-layout-flow wp-block-group alignwide\"><div class=\"wp-block-group__inner-container\">\n<h2 class=\"has-text-align-center\">Organizamos un portafolio de servicios pedag\u00f3gicos, hacia el interior y el exterior de la universidad.<\/h2>\n<\/div><\/div>\n\n\n\n<div class=\"is-layout-flex wp-container-8 wp-block-columns alignwide\">\n<div class=\"is-layout-flow wp-block-column\">\n<div class=\"is-layout-flow wp-block-group\"><div class=\"wp-block-group__inner-container\">\n<figure class=\"wp-block-image alignfull size-large\"><img decoding=\"async\" loading=\"lazy\" width=\"1024\" height=\"770\" src=\"https:\/\/escuela.lenguacastellanausco.edu.co\/wp-content\/uploads\/2022\/12\/mem_01-e1670520266256-1024x770.jpeg\" alt=\"\" class=\"wp-image-46\" srcset=\"https:\/\/escuela.lenguacastellanausco.edu.co\/wp-content\/uploads\/2022\/12\/mem_01-e1670520266256-1024x770.jpeg 1024w, https:\/\/escuela.lenguacastellanausco.edu.co\/wp-content\/uploads\/2022\/12\/mem_01-e1670520266256-300x225.jpeg 300w, https:\/\/escuela.lenguacastellanausco.edu.co\/wp-content\/uploads\/2022\/12\/mem_01-e1670520266256-768x577.jpeg 768w, https:\/\/escuela.lenguacastellanausco.edu.co\/wp-content\/uploads\/2022\/12\/mem_01-e1670520266256.jpeg 1159w\" sizes=\"(max-width: 1024px) 100vw, 1024px\" \/><\/figure>\n\n\n\n<h3>I Sesi\u00f3n 2022-B<\/h3>\n\n\n\n<p>Septiembre 09-22<\/p>\n\n\n\n<div class=\"wp-block-button is-style-fill\"><a class=\"wp-block-button__link wp-element-button\" href=\"https:\/\/make.wordpress.org\/core\/2019\/09\/27\/block-editor-theme-related-updates-in-wordpress-5-3\/\">LeeR MAS&#8230;<\/a><\/div>\n<\/div><\/div>\n\n\n\n<div class=\"is-layout-flow wp-block-group\"><div class=\"wp-block-group__inner-container\">\n<figure class=\"wp-block-image alignfull size-full\"><img decoding=\"async\" src=\"https:\/\/escuela.lenguacastellanausco.edu.co\/wp-content\/themes\/twentytwenty\/assets\/images\/2020-three-quarters-3.png\" alt=\"\" class=\"wp-image-37\"\/><\/figure>\n\n\n\n<h3>Theatre of Operations<\/h3>\n\n\n\n<p>October 1 &#8212; December 1<\/p>\n\n\n\n<div class=\"wp-block-button is-style-fill\"><a class=\"wp-block-button__link wp-element-button\" href=\"https:\/\/make.wordpress.org\/core\/2019\/09\/27\/block-editor-theme-related-updates-in-wordpress-5-3\/\">Read More<\/a><\/div>\n<\/div><\/div>\n<\/div>\n\n\n\n<div class=\"is-layout-flow wp-block-column\">\n<div class=\"is-layout-flow wp-block-group\"><div class=\"wp-block-group__inner-container\">\n<figure class=\"wp-block-image alignfull size-large\"><img decoding=\"async\" loading=\"lazy\" width=\"1024\" height=\"768\" src=\"https:\/\/escuela.lenguacastellanausco.edu.co\/wp-content\/uploads\/2022\/12\/mem_02-e1670520956522-1024x768.jpg\" alt=\"\" class=\"wp-image-53\" srcset=\"https:\/\/escuela.lenguacastellanausco.edu.co\/wp-content\/uploads\/2022\/12\/mem_02-e1670520956522-1024x768.jpg 1024w, https:\/\/escuela.lenguacastellanausco.edu.co\/wp-content\/uploads\/2022\/12\/mem_02-e1670520956522-300x225.jpg 300w, https:\/\/escuela.lenguacastellanausco.edu.co\/wp-content\/uploads\/2022\/12\/mem_02-e1670520956522-768x576.jpg 768w, https:\/\/escuela.lenguacastellanausco.edu.co\/wp-content\/uploads\/2022\/12\/mem_02-e1670520956522.jpg 1160w\" sizes=\"(max-width: 1024px) 100vw, 1024px\" \/><\/figure>\n\n\n\n<h3>II Sesi\u00f3n 2022-B<\/h3>\n\n\n\n<p>Septiembre 16-22<\/p>\n\n\n\n<div class=\"wp-block-button is-style-fill\"><a class=\"wp-block-button__link wp-element-button\" href=\"https:\/\/web.facebook.com\/photo\/?fbid=619237526562034&amp;set=pcb.619238623228591\" target=\"_blank\" rel=\"noreferrer noopener\">LeeR MAS&#8230;<\/a><\/div>\n<\/div><\/div>\n\n\n\n<div class=\"is-layout-flow wp-block-group\"><div class=\"wp-block-group__inner-container\">\n<figure class=\"wp-block-image alignfull size-full\"><img decoding=\"async\" src=\"https:\/\/escuela.lenguacastellanausco.edu.co\/wp-content\/themes\/twentytwenty\/assets\/images\/2020-three-quarters-4.png\" alt=\"\" class=\"wp-image-37\"\/><\/figure>\n\n\n\n<h3>From Signac to Matisse<\/h3>\n\n\n\n<p>October 1 &#8212; December 1<\/p>\n\n\n\n<div class=\"wp-block-button is-style-fill\"><a class=\"wp-block-button__link wp-element-button\" href=\"https:\/\/make.wordpress.org\/core\/2019\/09\/27\/block-editor-theme-related-updates-in-wordpress-5-3\/\">Read More<\/a><\/div>\n<\/div><\/div>\n<\/div>\n<\/div>\n\n\n\n<figure class=\"wp-block-image alignfull size-full\"><img decoding=\"async\" src=\"https:\/\/escuela.lenguacastellanausco.edu.co\/wp-content\/themes\/twentytwenty\/assets\/images\/2020-landscape-2.png\" alt=\"\" class=\"wp-image-37\"\/><\/figure>\n\n\n\n<div class=\"is-layout-flow wp-block-group alignwide\"><div class=\"wp-block-group__inner-container\">\n<h2 class=\"has-text-align-center has-accent-color has-text-color\">\u201cCyborgs, as the philosopher Donna Haraway established, are not reverent. They do not remember the cosmos.\u201d<\/h2>\n<\/div><\/div>\n\n\n\n<p class=\"has-drop-cap\">With seven floors of striking architecture, UMoMA shows exhibitions of international contemporary art, sometimes along with art historical retrospectives. Existential, political and philosophical issues are intrinsic to our programme. As visitor you are invited to guided tours artist talks, lectures, film screenings and other events with free admission<\/p>\n\n\n\n<p>The exhibitions are produced by UMoMA in collaboration with artists and museums around the world and they often attract international attention. UMoMA has received a Special Commendation from the European Museum of the Year, and was among the top candidates for the Swedish Museum of the Year Award as well as for the Council of Europe Museum Prize.<\/p>\n\n\n\n<p><\/p>\n\n\n\n<div class=\"is-layout-flow wp-block-group alignwide has-background\" style=\"background-color:#ffffff\"><div class=\"wp-block-group__inner-container\">\n<div class=\"is-layout-flow wp-block-group\"><div class=\"wp-block-group__inner-container\">\n<h2 class=\"has-text-align-center\">Become a Member and Get Exclusive Offers!<\/h2>\n\n\n\n<p class=\"has-text-align-center\">Members get access to exclusive exhibits and sales. Our memberships cost $99.99 and are billed annually.<\/p>\n\n\n\n<div class=\"wp-block-button aligncenter\"><a class=\"wp-block-button__link wp-element-button\" href=\"https:\/\/make.wordpress.org\/core\/2019\/09\/27\/block-editor-theme-related-updates-in-wordpress-5-3\/\">Join the Club<\/a><\/div>\n<\/div><\/div>\n<\/div><\/div>\n\n\n\n<figure class=\"is-layout-flex wp-block-gallery-12 wp-block-gallery alignwide has-nested-images columns-default is-cropped\">\n<figure class=\"wp-block-image size-large\"><img decoding=\"async\" data-id=\"39\"  src=\"https:\/\/escuela.lenguacastellanausco.edu.co\/wp-content\/themes\/twentytwenty\/assets\/images\/2020-square-2.png\" alt=\"\" class=\"wp-image-39\"\/><\/figure>\n\n\n\n<figure class=\"wp-block-image size-large\"><img decoding=\"async\" data-id=\"38\"  src=\"https:\/\/escuela.lenguacastellanausco.edu.co\/wp-content\/themes\/twentytwenty\/assets\/images\/2020-square-1.png\" alt=\"\" class=\"wp-image-38\"\/><\/figure>\n<\/figure>\n","protected":false},"excerpt":{"rendered":"<p>Organizamos un portafolio de servicios pedag\u00f3gicos, hacia el interior y el exterior de la universidad. I Sesi\u00f3n 2022-B Septiembre 09-22 Theatre of Operations October 1 &#8212; December 1 II Sesi\u00f3n 2022-B Septiembre 16-22 From Signac to Matisse October 1 &#8212; December 1 \u201cCyborgs, as the philosopher Donna Haraway established, are not reverent. They do not [&hellip;]<\/p>\n","protected":false},"author":1,"featured_media":41,"parent":0,"menu_order":0,"comment_status":"closed","ping_status":"closed","template":"","meta":{"om_disable_all_campaigns":false,"_mi_skip_tracking":false},"_links":{"self":[{"href":"https:\/\/escuela.lenguacastellanausco.edu.co\/index.php\/wp-json\/wp\/v2\/pages\/6"}],"collection":[{"href":"https:\/\/escuela.lenguacastellanausco.edu.co\/index.php\/wp-json\/wp\/v2\/pages"}],"about":[{"href":"https:\/\/escuela.lenguacastellanausco.edu.co\/index.php\/wp-json\/wp\/v2\/types\/page"}],"author":[{"embeddable":true,"href":"https:\/\/escuela.lenguacastellanausco.edu.co\/index.php\/wp-json\/wp\/v2\/users\/1"}],"replies":[{"embeddable":true,"href":"https:\/\/escuela.lenguacastellanausco.edu.co\/index.php\/wp-json\/wp\/v2\/comments?post=6"}],"version-history":[{"count":17,"href":"https:\/\/escuela.lenguacastellanausco.edu.co\/index.php\/wp-json\/wp\/v2\/pages\/6\/revisions"}],"predecessor-version":[{"id":62,"href":"https:\/\/escuela.lenguacastellanausco.edu.co\/index.php\/wp-json\/wp\/v2\/pages\/6\/revisions\/62"}],"wp:featuredmedia":[{"embeddable":true,"href":"https:\/\/escuela.lenguacastellanausco.edu.co\/index.php\/wp-json\/wp\/v2\/media\/41"}],"wp:attachment":[{"href":"https:\/\/escuela.lenguacastellanausco.edu.co\/index.php\/wp-json\/wp\/v2\/media?parent=6"}],"curies":[{"name":"wp","href":"https:\/\/api.w.org\/{rel}","templated":true}]}}